{"id":6,"date":"2024-12-16T09:10:08","date_gmt":"2024-12-16T09:10:08","guid":{"rendered":"https:\/\/boye-it.de\/?page_id=6"},"modified":"2024-12-18T12:05:05","modified_gmt":"2024-12-18T12:05:05","slug":"home","status":"publish","type":"page","link":"https:\/\/www.boye-it.de\/","title":{"rendered":"Home"},"content":{"rendered":"<div class=\"alignleft is-style-default wp-block-site-logo\"><a href=\"https:\/\/www.boye-it.de\/\" class=\"custom-logo-link\" rel=\"home\"><img loading=\"lazy\" decoding=\"async\" width=\"250\" height=\"86\" src=\"https:\/\/www.boye-it.de\/wp-content\/uploads\/2024\/12\/Boye-it-1.png\" class=\"custom-logo\" alt=\"Boye-it\" srcset=\"https:\/\/www.boye-it.de\/wp-content\/uploads\/2024\/12\/Boye-it-1.png 325w, https:\/\/www.boye-it.de\/wp-content\/uploads\/2024\/12\/Boye-it-1-300x104.png 300w\" sizes=\"auto, (max-width: 250px) 100vw, 250px\" \/><\/a><\/div>\n\n<nav class=\"is-responsive items-justified-right alignfull wp-block-navigation is-content-justification-right is-layout-flex wp-container-core-navigation-is-layout-d445cf74 wp-block-navigation-is-layout-flex\" aria-label=\"Navigation\" \n\t\t data-wp-interactive=\"core\/navigation\" data-wp-context='{\"overlayOpenedBy\":{\"click\":false,\"hover\":false,\"focus\":false},\"type\":\"overlay\",\"roleAttribute\":\"\",\"ariaLabel\":\"Men\\u00fc\"}'><button aria-haspopup=\"dialog\" aria-label=\"Men\u00fc \u00f6ffnen\" class=\"wp-block-navigation__responsive-container-open\" \n\t\t\t\tdata-wp-on--click=\"actions.openMenuOnClick\"\n\t\t\t\tdata-wp-on--keydown=\"actions.handleMenuKeydown\"\n\t\t\t><svg width=\"24\" height=\"24\" xmlns=\"http:\/\/www.w3.org\/2000\/svg\" viewBox=\"0 0 24 24\" aria-hidden=\"true\" focusable=\"false\"><path d=\"M4 7.5h16v1.5H4z\"><\/path><path d=\"M4 15h16v1.5H4z\"><\/path><\/svg><\/button>\n\t\t\t\t<div class=\"wp-block-navigation__responsive-container\"  id=\"modal-1\" \n\t\t\t\tdata-wp-class--has-modal-open=\"state.isMenuOpen\"\n\t\t\t\tdata-wp-class--is-menu-open=\"state.isMenuOpen\"\n\t\t\t\tdata-wp-watch=\"callbacks.initMenu\"\n\t\t\t\tdata-wp-on--keydown=\"actions.handleMenuKeydown\"\n\t\t\t\tdata-wp-on--focusout=\"actions.handleMenuFocusout\"\n\t\t\t\ttabindex=\"-1\"\n\t\t\t>\n\t\t\t\t\t<div class=\"wp-block-navigation__responsive-close\" tabindex=\"-1\">\n\t\t\t\t\t\t<div class=\"wp-block-navigation__responsive-dialog\" \n\t\t\t\tdata-wp-bind--aria-modal=\"state.ariaModal\"\n\t\t\t\tdata-wp-bind--aria-label=\"state.ariaLabel\"\n\t\t\t\tdata-wp-bind--role=\"state.roleAttribute\"\n\t\t\t>\n\t\t\t\t\t\t\t<button aria-label=\"Men\u00fc schlie\u00dfen\" class=\"wp-block-navigation__responsive-container-close\" \n\t\t\t\tdata-wp-on--click=\"actions.closeMenuOnClick\"\n\t\t\t><svg xmlns=\"http:\/\/www.w3.org\/2000\/svg\" viewBox=\"0 0 24 24\" width=\"24\" height=\"24\" aria-hidden=\"true\" focusable=\"false\"><path d=\"m13.06 12 6.47-6.47-1.06-1.06L12 10.94 5.53 4.47 4.47 5.53 10.94 12l-6.47 6.47 1.06 1.06L12 13.06l6.47 6.47 1.06-1.06L13.06 12Z\"><\/path><\/svg><\/button>\n\t\t\t\t\t\t\t<div class=\"wp-block-navigation__responsive-container-content\" \n\t\t\t\tdata-wp-watch=\"callbacks.focusFirstElement\"\n\t\t\t id=\"modal-1-content\">\n\t\t\t\t\t\t\t\t<ul class=\"wp-block-navigation__container is-responsive items-justified-right alignfull wp-block-navigation\"><li class=\" wp-block-navigation-item wp-block-navigation-link\"><a class=\"wp-block-navigation-item__content\"  href=\"https:\/\/www.boye-it.de\/\"><span class=\"wp-block-navigation-item__label\">Home<\/span><\/a><\/li><li class=\" wp-block-navigation-item wp-block-navigation-link\"><a class=\"wp-block-navigation-item__content\"  href=\"https:\/\/www.boye-it.de\/index.php\/home\/erfahrungen\/\"><span class=\"wp-block-navigation-item__label\">Erfahrungen<\/span><\/a><\/li><li class=\" wp-block-navigation-item wp-block-navigation-link\"><a class=\"wp-block-navigation-item__content\"  href=\"https:\/\/www.boye-it.de\/index.php\/home\/impressung\/\"><span class=\"wp-block-navigation-item__label\">Impressung<\/span><\/a><\/li><li class=\" wp-block-navigation-item wp-block-navigation-link\"><a class=\"wp-block-navigation-item__content\"  href=\"https:\/\/www.boye-it.de\/index.php\/home\/datenschutz\/\"><span class=\"wp-block-navigation-item__label\">Datenschutz<\/span><\/a><\/li><\/ul>\n\t\t\t\t\t\t\t<\/div>\n\t\t\t\t\t\t<\/div>\n\t\t\t\t\t<\/div>\n\t\t\t\t<\/div><\/nav>\n\n\n<p>&nbsp;<\/p>\n\n\n\n<p><\/p>\n\n\n\n<div class=\"wp-block-group alignwide is-nowrap is-layout-flex wp-container-core-group-is-layout-6c531013 wp-block-group-is-layout-flex\">\n<h1 class=\"wp-block-heading alignwide has-text-align-left is-style-default has-x-large-font-size\"><strong>Herzlich willkommen bei Boye-IT<\/strong><br>________________________________________<\/h1>\n<\/div>\n\n\n\n<div class=\"wp-block-group alignwide has-global-padding is-content-justification-left is-layout-constrained wp-container-core-group-is-layout-12dd3699 wp-block-group-is-layout-constrained\">\n<p class=\"has-medium-font-size\">IT-Professionals f\u00fcr Ihre Projekte<br>Consulting-Angebote mit h\u00f6chster Flexibilit\u00e4t und Serviceleistungen,<br>die auf ihre Bed\u00fcrfnisse zugeschnitten sind.<br>Wir bieten f\u00fcr Sie das komplette Spektrum der Modernen IT:<br>von der Idee \u00fcber die Planung hin zur Realisierung, Inbetriebnahme und Support.<\/p>\n\n\n\n<hr class=\"wp-block-separator has-alpha-channel-opacity\"\/>\n<\/div>\n\n\n\n<div class=\"wp-block-group alignwide has-global-padding is-content-justification-left is-layout-constrained wp-container-core-group-is-layout-12dd3699 wp-block-group-is-layout-constrained\">\n<p class=\"has-text-align-left has-large-font-size\">Unsere Kernkompetenzen sind:<\/p>\n\n\n\n<ul class=\"wp-block-list\">\n<li class=\"has-medium-font-size\"><em>Software-Paketierung<\/em><\/li>\n\n\n\n<li class=\"has-medium-font-size\"><em>Software-Verteilung<\/em><\/li>\n\n\n\n<li class=\"has-medium-font-size\"><em>Patch-Management<\/em><\/li>\n\n\n\n<li class=\"has-medium-font-size\"><em>OS-Deployment<\/em><\/li>\n\n\n\n<li class=\"has-medium-font-size\"><em>System-Management<\/em><\/li>\n\n\n\n<li class=\"has-medium-font-size\"><em>Qualit\u00e4tssicherung<\/em><\/li>\n\n\n\n<li class=\"has-medium-font-size\"><em>Change-Management<\/em><\/li>\n\n\n\n<li class=\"has-medium-font-size\"><em>Problem-Management<\/em><\/li>\n\n\n\n<li class=\"has-medium-font-size\"><em>Prozess-Management<\/em><\/li>\n\n\n\n<li class=\"has-medium-font-size\"><em>Anwendung-Management<\/em><\/li>\n<\/ul>\n<\/div>\n\n\n\n<p><\/p>\n\n\n\n<figure class=\"wp-block-image alignleft size-large is-resized\"><img loading=\"lazy\" decoding=\"async\" width=\"1024\" height=\"672\" src=\"https:\/\/www.boye-it.de\/wp-content\/uploads\/2024\/12\/MS_Cert_Professional_logo_Blk_rgb-1024x672.png\" alt=\"\" class=\"wp-image-34\" style=\"width:168px;height:auto\" srcset=\"https:\/\/www.boye-it.de\/wp-content\/uploads\/2024\/12\/MS_Cert_Professional_logo_Blk_rgb-1024x672.png 1024w, https:\/\/www.boye-it.de\/wp-content\/uploads\/2024\/12\/MS_Cert_Professional_logo_Blk_rgb-300x197.png 300w, https:\/\/www.boye-it.de\/wp-content\/uploads\/2024\/12\/MS_Cert_Professional_logo_Blk_rgb-768x504.png 768w, https:\/\/www.boye-it.de\/wp-content\/uploads\/2024\/12\/MS_Cert_Professional_logo_Blk_rgb.png 1117w\" sizes=\"auto, (max-width: 1024px) 100vw, 1024px\" \/><\/figure>\n","protected":false},"excerpt":{"rendered":"<p>&nbsp; Herzlich willkommen bei Boye-IT________________________________________ IT-Professionals f\u00fcr Ihre ProjekteConsulting-Angebote mit h\u00f6chster Flexibilit\u00e4t und Serviceleistungen,die auf ihre Bed\u00fcrfnisse zugeschnitten sind.Wir bieten f\u00fcr Sie das komplette Spektrum der Modernen IT:von der Idee \u00fcber die Planung hin zur Realisierung, Inbetriebnahme und Support. Unsere Kernkompetenzen sind:<\/p>\n","protected":false},"author":1,"featured_media":0,"parent":0,"menu_order":0,"comment_status":"closed","ping_status":"closed","template":"page-no-title","meta":{"footnotes":""},"class_list":["post-6","page","type-page","status-publish","hentry"],"_links":{"self":[{"href":"https:\/\/www.boye-it.de\/index.php\/wp-json\/wp\/v2\/pages\/6","targetHints":{"allow":["GET"]}}],"collection":[{"href":"https:\/\/www.boye-it.de\/index.php\/wp-json\/wp\/v2\/pages"}],"about":[{"href":"https:\/\/www.boye-it.de\/index.php\/wp-json\/wp\/v2\/types\/page"}],"author":[{"embeddable":true,"href":"https:\/\/www.boye-it.de\/index.php\/wp-json\/wp\/v2\/users\/1"}],"replies":[{"embeddable":true,"href":"https:\/\/www.boye-it.de\/index.php\/wp-json\/wp\/v2\/comments?post=6"}],"version-history":[{"count":13,"href":"https:\/\/www.boye-it.de\/index.php\/wp-json\/wp\/v2\/pages\/6\/revisions"}],"predecessor-version":[{"id":120,"href":"https:\/\/www.boye-it.de\/index.php\/wp-json\/wp\/v2\/pages\/6\/revisions\/120"}],"wp:attachment":[{"href":"https:\/\/www.boye-it.de\/index.php\/wp-json\/wp\/v2\/media?parent=6"}],"curies":[{"name":"wp","href":"https:\/\/api.w.org\/{rel}","templated":true}]}}